{"id":419,"date":"2023-04-18T16:03:37","date_gmt":"2023-04-18T13:03:37","guid":{"rendered":"https:\/\/autorekry.fi\/contact\/"},"modified":"2025-10-06T20:08:32","modified_gmt":"2025-10-06T17:08:32","slug":"contact","status":"publish","type":"page","link":"https:\/\/autorekry.fi\/en\/contact\/","title":{"rendered":"Contact"},"content":{"rendered":"<p>[et_pb_section fb_built=&#8221;1&#8243; custom_padding_last_edited=&#8221;on|phone&#8221; next_background_color=&#8221;#ffffff&#8221; _builder_version=&#8221;4.20.4&#8243; _module_preset=&#8221;default&#8221; background_color=&#8221;rgba(0,0,0,0.29)&#8221; background_image=&#8221;https:\/\/autorekry.fi\/wp-content\/uploads\/2023\/04\/autot-600px.jpg&#8221; background_blend=&#8221;overlay&#8221; custom_padding=&#8221;150px||200px||false|false&#8221; custom_padding_tablet=&#8221;130px||150px||false|false&#8221; custom_padding_phone=&#8221;70px||100px||false|false&#8221; bottom_divider_style=&#8221;wave2&#8243; global_colors_info=&#8221;{}&#8221;][et_pb_row _builder_version=&#8221;4.20.4&#8243; _module_preset=&#8221;default&#8221; global_colors_info=&#8221;{}&#8221;][et_pb_column type=&#8221;4_4&#8243; _builder_version=&#8221;4.20.4&#8243; _module_preset=&#8221;default&#8221; global_colors_info=&#8221;{}&#8221;][et_pb_text _builder_version=&#8221;4.20.4&#8243; _module_preset=&#8221;default&#8221; text_text_color=&#8221;#FFFFFF&#8221; text_font_size=&#8221;18px&#8221; header_font=&#8221;|700|||||||&#8221; header_text_align=&#8221;center&#8221; header_text_color=&#8221;#FFFFFF&#8221; header_font_size=&#8221;60px&#8221; header_line_height=&#8221;1.4em&#8221; text_orientation=&#8221;center&#8221; max_width=&#8221;800px&#8221; module_alignment=&#8221;center&#8221; header_font_size_tablet=&#8221;50px&#8221; header_font_size_phone=&#8221;35px&#8221; header_font_size_last_edited=&#8221;on|phone&#8221; global_colors_info=&#8221;{}&#8221;]<\/p>\n<h1>Contact us!<\/h1>\n<p> We connect employees and employers[\/et_pb_text][\/et_pb_column][\/et_pb_row][\/et_pb_section][et_pb_section fb_built=&#8221;1&#8243; custom_padding_last_edited=&#8221;on|tablet&#8221; _builder_version=&#8221;4.20.4&#8243; _module_preset=&#8221;default&#8221; custom_padding=&#8221;80px||4px|||&#8221; custom_padding_tablet=&#8221;40px||4px||false|false&#8221; custom_padding_phone=&#8221;20px||||false|false&#8221; global_colors_info=&#8221;{}&#8221;][et_pb_row column_structure=&#8221;1_3,1_3,1_3&#8243; _builder_version=&#8221;4.27.0&#8243; _module_preset=&#8221;default&#8221; global_colors_info=&#8221;{}&#8221;][et_pb_column type=&#8221;1_3&#8243; _builder_version=&#8221;4.20.4&#8243; _module_preset=&#8221;default&#8221; global_colors_info=&#8221;{}&#8221;][et_pb_blurb title=&#8221;Address&#8221; use_icon=&#8221;on&#8221; font_icon=&#8221;&#xf3c5;||fa||900&#8243; icon_color=&#8221;#377DFF&#8221; image_icon_width_tablet=&#8221;70px&#8221; image_icon_width_phone=&#8221;50px&#8221; image_icon_width_last_edited=&#8221;on|tablet&#8221; _builder_version=&#8221;4.27.0&#8243; _module_preset=&#8221;default&#8221; header_text_color=&#8221;#377DFF&#8221; header_font_size=&#8221;22px&#8221; text_orientation=&#8221;center&#8221; global_colors_info=&#8221;{}&#8221;]Teknobulevardi 3-5, 01530 Vantaa, Finland[\/et_pb_blurb][\/et_pb_column][et_pb_column type=&#8221;1_3&#8243; _builder_version=&#8221;4.20.4&#8243; _module_preset=&#8221;default&#8221; global_colors_info=&#8221;{}&#8221;][et_pb_blurb title=&#8221;Email&#8221; use_icon=&#8221;on&#8221; font_icon=&#8221;&#xf0e0;||fa||900&#8243; icon_color=&#8221;#377DFF&#8221; image_icon_width_tablet=&#8221;70px&#8221; image_icon_width_phone=&#8221;50px&#8221; image_icon_width_last_edited=&#8221;on|tablet&#8221; _builder_version=&#8221;4.20.4&#8243; _module_preset=&#8221;default&#8221; header_text_color=&#8221;#377DFF&#8221; header_font_size=&#8221;22px&#8221; body_link_text_color=&#8221;#333333&#8243; text_orientation=&#8221;center&#8221; global_colors_info=&#8221;{}&#8221; body_link_text_color__hover_enabled=&#8221;on|hover&#8221; body_link_text_color__hover=&#8221;#377DFF&#8221;]<\/p>\n<p><a href=\"mailto:info@autorekry.fi\">info@autorekry.fi<\/a><\/p>\n<p>[\/et_pb_blurb][\/et_pb_column][et_pb_column type=&#8221;1_3&#8243; _builder_version=&#8221;4.20.4&#8243; _module_preset=&#8221;default&#8221; global_colors_info=&#8221;{}&#8221;][et_pb_blurb title=&#8221;Social media&#8221; use_icon=&#8221;on&#8221; font_icon=&#8221;&#xf08c;||fa||400&#8243; icon_color=&#8221;#377DFF&#8221; image_icon_width_tablet=&#8221;70px&#8221; image_icon_width_phone=&#8221;50px&#8221; image_icon_width_last_edited=&#8221;on|tablet&#8221; _builder_version=&#8221;4.27.0&#8243; _module_preset=&#8221;default&#8221; header_text_color=&#8221;#377DFF&#8221; header_font_size=&#8221;22px&#8221; body_link_text_color=&#8221;#333333&#8243; text_orientation=&#8221;center&#8221; link_option_url=&#8221;https:\/\/www.linkedin.com\/company\/autorekry\/&#8221; link_option_url_new_window=&#8221;on&#8221; global_colors_info=&#8221;{}&#8221; body_link_text_color__hover_enabled=&#8221;on|hover&#8221; body_link_text_color__hover=&#8221;#377DFF&#8221;]<\/p>\n<p><a href=\"https:\/\/www.linkedin.com\/company\/autorekry\/\" target=\"_blank\" rel=\"noopener\"><a href=\"https:\/\/www.linkedin.com\/company\/autorekry\/\">Linkedin<\/a><\/a><\/p>\n<p>[\/et_pb_blurb][\/et_pb_column][\/et_pb_row][et_pb_row custom_padding_last_edited=&#8221;on|tablet&#8221; _builder_version=&#8221;4.20.4&#8243; _module_preset=&#8221;default&#8221; custom_padding=&#8221;70px|||||&#8221; custom_padding_tablet=&#8221;0px||||false|false&#8221; custom_padding_phone=&#8221;0px||||false|false&#8221; global_colors_info=&#8221;{}&#8221;][et_pb_column type=&#8221;4_4&#8243; _builder_version=&#8221;4.20.4&#8243; _module_preset=&#8221;default&#8221; global_colors_info=&#8221;{}&#8221;][et_pb_divider color=&#8221;#377DFF&#8221; _builder_version=&#8221;4.20.4&#8243; _module_preset=&#8221;default&#8221; global_colors_info=&#8221;{}&#8221;][\/et_pb_divider][\/et_pb_column][\/et_pb_row][et_pb_row column_structure=&#8221;1_3,1_3,1_3&#8243; use_custom_gutter=&#8221;on&#8221; gutter_width=&#8221;4&#8243; _builder_version=&#8221;4.21.0&#8243; _module_preset=&#8221;default&#8221; custom_padding=&#8221;||55px|||&#8221; global_colors_info=&#8221;{}&#8221;][et_pb_column type=&#8221;1_3&#8243; _builder_version=&#8221;4.20.4&#8243; _module_preset=&#8221;default&#8221; global_colors_info=&#8221;{}&#8221;][et_pb_team_member name=&#8221;Birgitta Nyk\u00e4nen&#8221; position=&#8221;Researcher \/ Recruitment Assistant&#8221; image_url=&#8221;https:\/\/autorekry.fi\/wp-content\/uploads\/2025\/03\/Birgitta.jpg&#8221; linkedin_url=&#8221;https:\/\/www.linkedin.com\/in\/birgitta-nyk%C3%A4nen-32425330a\/&#8221; icon_color=&#8221;#377DFF&#8221; _builder_version=&#8221;4.27.4&#8243; _module_preset=&#8221;default&#8221; header_font=&#8221;|700|||||||&#8221; header_text_align=&#8221;center&#8221; header_text_color=&#8221;#377DFF&#8221; body_text_align=&#8221;center&#8221; position_text_color=&#8221;#000000&#8243; body_link_text_color=&#8221;#333333&#8243; border_radii_image=&#8221;on|30px|30px|30px|30px&#8221; global_colors_info=&#8221;{}&#8221; body_link_text_color__hover_enabled=&#8221;on|hover&#8221; body_link_text_color__hover=&#8221;#377DFF&#8221;]<\/p>\n<p><a href=\"tel:+358440830815\">+358 440 830 815<\/a><\/p>\n<p>[\/et_pb_team_member][\/et_pb_column][et_pb_column type=&#8221;1_3&#8243; _builder_version=&#8221;4.20.4&#8243; _module_preset=&#8221;default&#8221; global_colors_info=&#8221;{}&#8221;][et_pb_team_member name=&#8221;Janne Turklin&#8221; position=&#8221;CEO \/ Consultant \/ Partner&#8221; image_url=&#8221;https:\/\/autorekry.fi\/wp-content\/uploads\/2023\/04\/KED-Kuvat-17-768&#215;960-1.jpg&#8221; linkedin_url=&#8221;https:\/\/www.linkedin.com\/in\/janne-turklin\/&#8221; icon_color=&#8221;#377DFF&#8221; _builder_version=&#8221;4.27.4&#8243; _module_preset=&#8221;default&#8221; header_font=&#8221;|700|||||||&#8221; header_text_align=&#8221;center&#8221; header_text_color=&#8221;#377DFF&#8221; body_text_align=&#8221;center&#8221; position_text_color=&#8221;#000000&#8243; body_link_text_color=&#8221;#333333&#8243; border_radii_image=&#8221;on|30px|30px|30px|30px&#8221; global_colors_info=&#8221;{}&#8221; body_link_text_color__hover_enabled=&#8221;on|hover&#8221; body_link_text_color__hover=&#8221;#377DFF&#8221;]<\/p>\n<p><a href=\"tel:+358405037280\">+358 40 503 7280<\/a><\/p>\n<p>[\/et_pb_team_member][\/et_pb_column][et_pb_column type=&#8221;1_3&#8243; _builder_version=&#8221;4.20.4&#8243; _module_preset=&#8221;default&#8221; global_colors_info=&#8221;{}&#8221;][et_pb_team_member name=&#8221;Juha Halonen&#8221; position=&#8221;Consultant \/ Partner&#8221; image_url=&#8221;https:\/\/autorekry.fi\/wp-content\/uploads\/2023\/04\/KED-Kuvat-15-768&#215;960-1.jpg&#8221; linkedin_url=&#8221;https:\/\/www.linkedin.com\/in\/juha-halonen-bb5247a\/&#8221; icon_color=&#8221;#377DFF&#8221; _builder_version=&#8221;4.27.4&#8243; _module_preset=&#8221;default&#8221; header_font=&#8221;|700|||||||&#8221; header_text_align=&#8221;center&#8221; header_text_color=&#8221;#377DFF&#8221; body_text_align=&#8221;center&#8221; position_text_color=&#8221;#000000&#8243; body_link_text_color=&#8221;#333333&#8243; border_radii_image=&#8221;on|30px|30px|30px|30px&#8221; global_colors_info=&#8221;{}&#8221; body_link_text_color__hover_enabled=&#8221;on|hover&#8221; body_link_text_color__hover=&#8221;#377DFF&#8221;]<\/p>\n<p><a href=\"tel:+358408303848\">+358 40 830 3848<\/a><\/p>\n<p>[\/et_pb_team_member][\/et_pb_column][\/et_pb_row][\/et_pb_section][et_pb_section fb_built=&#8221;1&#8243; _builder_version=&#8221;4.27.4&#8243; _module_preset=&#8221;default&#8221; custom_margin=&#8221;-6px||-6px||false|false&#8221; custom_padding=&#8221;0px||0px||false|false&#8221; global_colors_info=&#8221;{}&#8221;][et_pb_row _builder_version=&#8221;4.27.4&#8243; _module_preset=&#8221;default&#8221; global_colors_info=&#8221;{}&#8221;][et_pb_column type=&#8221;4_4&#8243; _builder_version=&#8221;4.27.4&#8243; _module_preset=&#8221;default&#8221; global_colors_info=&#8221;{}&#8221;][et_pb_gallery gallery_ids=&#8221;4157&#8243; fullwidth=&#8221;on&#8221; _builder_version=&#8221;4.27.4&#8243; _module_preset=&#8221;default&#8221; width=&#8221;62%&#8221; max_width=&#8221;63%&#8221; module_alignment=&#8221;center&#8221; min_height=&#8221;685px&#8221; custom_margin=&#8221;||-175px|||&#8221; border_radii=&#8221;on|27px|27px|27px|27px&#8221; global_colors_info=&#8221;{}&#8221;][\/et_pb_gallery][\/et_pb_column][\/et_pb_row][\/et_pb_section]<\/p>\n","protected":false},"excerpt":{"rendered":"<p>Contact us! We connect employees and employersTeknobulevardi 3-5, 01530 Vantaa, Finlandinfo@autorekry.fiLinkedin+358 440 830 815+358 40 503 7280+358 40 830 3848<\/p>\n","protected":false},"author":1,"featured_media":0,"parent":0,"menu_order":0,"comment_status":"closed","ping_status":"closed","template":"","meta":{"_acf_changed":false,"_et_pb_use_builder":"on","_et_pb_old_content":"","_et_gb_content_width":"","footnotes":""},"class_list":["post-419","page","type-page","status-publish","hentry"],"acf":[],"yoast_head":"<!-- This site is optimized with the Yoast SEO plugin v27.5 - https:\/\/yoast.com\/product\/yoast-seo-wordpress\/ -->\n<title>Contact - Autorekry<\/title>\n<meta name=\"robots\" content=\"index, follow, max-snippet:-1, max-image-preview:large, max-video-preview:-1\" \/>\n<link rel=\"canonical\" href=\"https:\/\/autorekry.fi\/en\/contact\/\" \/>\n<meta property=\"og:locale\" content=\"en_US\" \/>\n<meta property=\"og:type\" content=\"article\" \/>\n<meta property=\"og:title\" content=\"Contact - Autorekry\" \/>\n<meta property=\"og:description\" content=\"Contact us! We connect employees and employersTeknobulevardi 3-5, 01530 Vantaa, Finlandinfo@autorekry.fiLinkedin+358 440 830 815+358 40 503 7280+358 40 830 3848\" \/>\n<meta property=\"og:url\" content=\"https:\/\/autorekry.fi\/en\/contact\/\" \/>\n<meta property=\"og:site_name\" content=\"Autorekry\" \/>\n<meta property=\"article:modified_time\" content=\"2025-10-06T17:08:32+00:00\" \/>\n<meta name=\"twitter:card\" content=\"summary_large_image\" \/>\n<meta name=\"twitter:label1\" content=\"Est. reading time\" \/>\n\t<meta name=\"twitter:data1\" content=\"5 minutes\" \/>\n<script type=\"application\/ld+json\" class=\"yoast-schema-graph\">{\"@context\":\"https:\\\/\\\/schema.org\",\"@graph\":[{\"@type\":\"WebPage\",\"@id\":\"https:\\\/\\\/autorekry.fi\\\/en\\\/contact\\\/\",\"url\":\"https:\\\/\\\/autorekry.fi\\\/en\\\/contact\\\/\",\"name\":\"Contact - Autorekry\",\"isPartOf\":{\"@id\":\"https:\\\/\\\/autorekry.fi\\\/#website\"},\"datePublished\":\"2023-04-18T13:03:37+00:00\",\"dateModified\":\"2025-10-06T17:08:32+00:00\",\"breadcrumb\":{\"@id\":\"https:\\\/\\\/autorekry.fi\\\/en\\\/contact\\\/#breadcrumb\"},\"inLanguage\":\"en-US\",\"potentialAction\":[{\"@type\":\"ReadAction\",\"target\":[\"https:\\\/\\\/autorekry.fi\\\/en\\\/contact\\\/\"]}]},{\"@type\":\"BreadcrumbList\",\"@id\":\"https:\\\/\\\/autorekry.fi\\\/en\\\/contact\\\/#breadcrumb\",\"itemListElement\":[{\"@type\":\"ListItem\",\"position\":1,\"name\":\"Etusivu\",\"item\":\"https:\\\/\\\/autorekry.fi\\\/\"},{\"@type\":\"ListItem\",\"position\":2,\"name\":\"Contact\"}]},{\"@type\":\"WebSite\",\"@id\":\"https:\\\/\\\/autorekry.fi\\\/#website\",\"url\":\"https:\\\/\\\/autorekry.fi\\\/\",\"name\":\"Autorekry\",\"description\":\"Yhdist\u00e4\u00e4 ty\u00f6ntekij\u00e4t ja ty\u00f6nantajat\",\"potentialAction\":[{\"@type\":\"SearchAction\",\"target\":{\"@type\":\"EntryPoint\",\"urlTemplate\":\"https:\\\/\\\/autorekry.fi\\\/?s={search_term_string}\"},\"query-input\":{\"@type\":\"PropertyValueSpecification\",\"valueRequired\":true,\"valueName\":\"search_term_string\"}}],\"inLanguage\":\"en-US\"}]}<\/script>\n<!-- \/ Yoast SEO plugin. -->","yoast_head_json":{"title":"Contact - Autorekry","robots":{"index":"index","follow":"follow","max-snippet":"max-snippet:-1","max-image-preview":"max-image-preview:large","max-video-preview":"max-video-preview:-1"},"canonical":"https:\/\/autorekry.fi\/en\/contact\/","og_locale":"en_US","og_type":"article","og_title":"Contact - Autorekry","og_description":"Contact us! We connect employees and employersTeknobulevardi 3-5, 01530 Vantaa, Finlandinfo@autorekry.fiLinkedin+358 440 830 815+358 40 503 7280+358 40 830 3848","og_url":"https:\/\/autorekry.fi\/en\/contact\/","og_site_name":"Autorekry","article_modified_time":"2025-10-06T17:08:32+00:00","twitter_card":"summary_large_image","twitter_misc":{"Est. reading time":"5 minutes"},"schema":{"@context":"https:\/\/schema.org","@graph":[{"@type":"WebPage","@id":"https:\/\/autorekry.fi\/en\/contact\/","url":"https:\/\/autorekry.fi\/en\/contact\/","name":"Contact - Autorekry","isPartOf":{"@id":"https:\/\/autorekry.fi\/#website"},"datePublished":"2023-04-18T13:03:37+00:00","dateModified":"2025-10-06T17:08:32+00:00","breadcrumb":{"@id":"https:\/\/autorekry.fi\/en\/contact\/#breadcrumb"},"inLanguage":"en-US","potentialAction":[{"@type":"ReadAction","target":["https:\/\/autorekry.fi\/en\/contact\/"]}]},{"@type":"BreadcrumbList","@id":"https:\/\/autorekry.fi\/en\/contact\/#breadcrumb","itemListElement":[{"@type":"ListItem","position":1,"name":"Etusivu","item":"https:\/\/autorekry.fi\/"},{"@type":"ListItem","position":2,"name":"Contact"}]},{"@type":"WebSite","@id":"https:\/\/autorekry.fi\/#website","url":"https:\/\/autorekry.fi\/","name":"Autorekry","description":"Yhdist\u00e4\u00e4 ty\u00f6ntekij\u00e4t ja ty\u00f6nantajat","potentialAction":[{"@type":"SearchAction","target":{"@type":"EntryPoint","urlTemplate":"https:\/\/autorekry.fi\/?s={search_term_string}"},"query-input":{"@type":"PropertyValueSpecification","valueRequired":true,"valueName":"search_term_string"}}],"inLanguage":"en-US"}]}},"_links":{"self":[{"href":"https:\/\/autorekry.fi\/en\/wp-json\/wp\/v2\/pages\/419","targetHints":{"allow":["GET"]}}],"collection":[{"href":"https:\/\/autorekry.fi\/en\/wp-json\/wp\/v2\/pages"}],"about":[{"href":"https:\/\/autorekry.fi\/en\/wp-json\/wp\/v2\/types\/page"}],"author":[{"embeddable":true,"href":"https:\/\/autorekry.fi\/en\/wp-json\/wp\/v2\/users\/1"}],"replies":[{"embeddable":true,"href":"https:\/\/autorekry.fi\/en\/wp-json\/wp\/v2\/comments?post=419"}],"version-history":[{"count":12,"href":"https:\/\/autorekry.fi\/en\/wp-json\/wp\/v2\/pages\/419\/revisions"}],"predecessor-version":[{"id":4715,"href":"https:\/\/autorekry.fi\/en\/wp-json\/wp\/v2\/pages\/419\/revisions\/4715"}],"wp:attachment":[{"href":"https:\/\/autorekry.fi\/en\/wp-json\/wp\/v2\/media?parent=419"}],"curies":[{"name":"wp","href":"https:\/\/api.w.org\/{rel}","templated":true}]}}