{"id":412,"date":"2023-04-18T16:03:28","date_gmt":"2023-04-18T13:03:28","guid":{"rendered":"https:\/\/autorekry.fi\/about-us\/"},"modified":"2026-02-16T17:43:29","modified_gmt":"2026-02-16T15:43:29","slug":"about-us","status":"publish","type":"page","link":"https:\/\/autorekry.fi\/en\/about-us\/","title":{"rendered":"About us"},"content":{"rendered":"<p>[et_pb_section fb_built=&#8221;1&#8243; custom_padding_last_edited=&#8221;on|phone&#8221; next_background_color=&#8221;#ffffff&#8221; _builder_version=&#8221;4.20.4&#8243; _module_preset=&#8221;default&#8221; background_color=&#8221;rgba(0,0,0,0.31)&#8221; background_image=&#8221;https:\/\/autorekry.fi\/wp-content\/uploads\/2023\/04\/autorekry1.jpg&#8221; background_blend=&#8221;overlay&#8221; custom_padding=&#8221;150px||200px||false|false&#8221; custom_padding_tablet=&#8221;130px||150px||false|false&#8221; custom_padding_phone=&#8221;70px||100px||false|false&#8221; bottom_divider_style=&#8221;wave2&#8243; global_colors_info=&#8221;{}&#8221;][et_pb_row _builder_version=&#8221;4.20.4&#8243; _module_preset=&#8221;default&#8221; global_colors_info=&#8221;{}&#8221;][et_pb_column type=&#8221;4_4&#8243; _builder_version=&#8221;4.20.4&#8243; _module_preset=&#8221;default&#8221; global_colors_info=&#8221;{}&#8221;][et_pb_text _builder_version=&#8221;4.27.0&#8243; _module_preset=&#8221;default&#8221; header_font=&#8221;|300|||||||&#8221; header_text_align=&#8221;center&#8221; header_text_color=&#8221;#FFFFFF&#8221; header_font_size=&#8221;50px&#8221; header_line_height=&#8221;1.4em&#8221; max_width=&#8221;800px&#8221; module_alignment=&#8221;center&#8221; header_font_size_tablet=&#8221;50px&#8221; header_font_size_phone=&#8221;35px&#8221; header_font_size_last_edited=&#8221;on|phone&#8221; global_colors_info=&#8221;{}&#8221;]<\/p>\n<h1>Autorekry is Finland&#8217;s <strong>first and only <\/strong>company specializing in automotive industry recruitment<\/h1>\n<p>[\/et_pb_text][\/et_pb_column][\/et_pb_row][\/et_pb_section][et_pb_section fb_built=&#8221;1&#8243; custom_padding_last_edited=&#8221;on|tablet&#8221; _builder_version=&#8221;4.20.4&#8243; _module_preset=&#8221;default&#8221; min_height=&#8221;712.8px&#8221; custom_padding=&#8221;80px||4px|||&#8221; custom_padding_tablet=&#8221;40px||4px||false|false&#8221; custom_padding_phone=&#8221;20px||||false|false&#8221; global_colors_info=&#8221;{}&#8221;][et_pb_row column_structure=&#8221;2_5,3_5&#8243; _builder_version=&#8221;4.20.4&#8243; _module_preset=&#8221;default&#8221; module_alignment=&#8221;center&#8221; custom_margin=&#8221;|auto|40px|auto||&#8221; global_colors_info=&#8221;{}&#8221;][et_pb_column type=&#8221;2_5&#8243; _builder_version=&#8221;4.20.4&#8243; _module_preset=&#8221;default&#8221; global_colors_info=&#8221;{}&#8221;][et_pb_text _builder_version=&#8221;4.20.4&#8243; _module_preset=&#8221;default&#8221; text_font=&#8221;|700|||||||&#8221; text_font_size=&#8221;32px&#8221; text_line_height=&#8221;1.6em&#8221; text_font_size_tablet=&#8221;27px&#8221; text_font_size_phone=&#8221;22px&#8221; text_font_size_last_edited=&#8221;on|phone&#8221; global_colors_info=&#8221;{}&#8221;]Autorekry connects professionals in the automotive industry[\/et_pb_text][\/et_pb_column][et_pb_column type=&#8221;3_5&#8243; _builder_version=&#8221;4.20.4&#8243; _module_preset=&#8221;default&#8221; global_colors_info=&#8221;{}&#8221;][et_pb_text _builder_version=&#8221;4.27.0&#8243; _module_preset=&#8221;default&#8221; text_font_size=&#8221;18px&#8221; text_line_height=&#8221;1.8em&#8221; text_font_size_tablet=&#8221;20px&#8221; text_font_size_phone=&#8221;18px&#8221; text_font_size_last_edited=&#8221;on|phone&#8221; global_colors_info=&#8221;{}&#8221;]<\/p>\n<p>Autorekry Oy is a subsidiary of ADEQ Oy, with roots dating back to 2014. ADEQ specializes in training, coaching, and consulting for automotive organizations and personnel. Success in the automotive industry requires finding the right professionals for the right positions. The search for these professionals is a demanding process that can easily consume time and money. To simplify this search, Autorekry was established. Our services include automotive industry recruitment, direct search services, temporary staffing, and recruitment training. We\u2019re passionately driven by the automotive industry.<\/p>\n<p>[\/et_pb_text][et_pb_image src=&#8221;https:\/\/autorekry.fi\/wp-content\/uploads\/2024\/09\/KED-06929.jpg&#8221; _builder_version=&#8221;4.27.0&#8243; _module_preset=&#8221;default&#8221; global_colors_info=&#8221;{}&#8221;][\/et_pb_image][et_pb_text _builder_version=&#8221;4.27.0&#8243; _module_preset=&#8221;default&#8221; text_font_size=&#8221;18px&#8221; text_line_height=&#8221;1.8em&#8221; text_font_size_tablet=&#8221;20px&#8221; text_font_size_phone=&#8221;18px&#8221; text_font_size_last_edited=&#8221;on|phone&#8221; global_colors_info=&#8221;{}&#8221;]<\/p>\n<p>Juha Halonen (left) is responsible for ADEQ&#8217;s business operations, and Janne Turklin for Autorekry&#8217;s business operations.<\/p>\n<p>[\/et_pb_text][\/et_pb_column][\/et_pb_row][\/et_pb_section]<\/p>\n","protected":false},"excerpt":{"rendered":"<p>Autorekry is Finland&#8217;s first and only company specializing in automotive industry recruitmentAutorekry connects professionals in the automotive industryAutorekry Oy is a subsidiary of ADEQ Oy, with roots dating back to 2014. ADEQ specializes in training, coaching, and consulting for automotive organizations and personnel. Success in the automotive industry requires finding the right professionals for the [&hellip;]<\/p>\n","protected":false},"author":1,"featured_media":0,"parent":0,"menu_order":0,"comment_status":"closed","ping_status":"closed","template":"","meta":{"_acf_changed":false,"_et_pb_use_builder":"on","_et_pb_old_content":"","_et_gb_content_width":"","footnotes":""},"class_list":["post-412","page","type-page","status-publish","hentry"],"acf":[],"yoast_head":"<!-- This site is optimized with the Yoast SEO plugin v27.3 - https:\/\/yoast.com\/product\/yoast-seo-wordpress\/ -->\n<title>About us - Autorekry<\/title>\n<meta name=\"robots\" content=\"index, follow, max-snippet:-1, max-image-preview:large, max-video-preview:-1\" \/>\n<link rel=\"canonical\" href=\"https:\/\/autorekry.fi\/en\/about-us\/\" \/>\n<meta property=\"og:locale\" content=\"en_US\" \/>\n<meta property=\"og:type\" content=\"article\" \/>\n<meta property=\"og:title\" content=\"About us - Autorekry\" \/>\n<meta property=\"og:description\" content=\"Autorekry is Finland&#039;s first and only company specializing in automotive industry recruitmentAutorekry connects professionals in the automotive industryAutorekry Oy is a subsidiary of ADEQ Oy, with roots dating back to 2014. ADEQ specializes in training, coaching, and consulting for automotive organizations and personnel. Success in the automotive industry requires finding the right professionals for the [&hellip;]\" \/>\n<meta property=\"og:url\" content=\"https:\/\/autorekry.fi\/en\/about-us\/\" \/>\n<meta property=\"og:site_name\" content=\"Autorekry\" \/>\n<meta property=\"article:modified_time\" content=\"2026-02-16T15:43:29+00:00\" \/>\n<meta name=\"twitter:card\" content=\"summary_large_image\" \/>\n<meta name=\"twitter:label1\" content=\"Est. reading time\" \/>\n\t<meta name=\"twitter:data1\" content=\"3 minutes\" \/>\n<script type=\"application\/ld+json\" class=\"yoast-schema-graph\">{\"@context\":\"https:\\\/\\\/schema.org\",\"@graph\":[{\"@type\":\"WebPage\",\"@id\":\"https:\\\/\\\/autorekry.fi\\\/en\\\/about-us\\\/\",\"url\":\"https:\\\/\\\/autorekry.fi\\\/en\\\/about-us\\\/\",\"name\":\"About us - Autorekry\",\"isPartOf\":{\"@id\":\"https:\\\/\\\/autorekry.fi\\\/#website\"},\"datePublished\":\"2023-04-18T13:03:28+00:00\",\"dateModified\":\"2026-02-16T15:43:29+00:00\",\"breadcrumb\":{\"@id\":\"https:\\\/\\\/autorekry.fi\\\/en\\\/about-us\\\/#breadcrumb\"},\"inLanguage\":\"en-US\",\"potentialAction\":[{\"@type\":\"ReadAction\",\"target\":[\"https:\\\/\\\/autorekry.fi\\\/en\\\/about-us\\\/\"]}]},{\"@type\":\"BreadcrumbList\",\"@id\":\"https:\\\/\\\/autorekry.fi\\\/en\\\/about-us\\\/#breadcrumb\",\"itemListElement\":[{\"@type\":\"ListItem\",\"position\":1,\"name\":\"Etusivu\",\"item\":\"https:\\\/\\\/autorekry.fi\\\/\"},{\"@type\":\"ListItem\",\"position\":2,\"name\":\"About us\"}]},{\"@type\":\"WebSite\",\"@id\":\"https:\\\/\\\/autorekry.fi\\\/#website\",\"url\":\"https:\\\/\\\/autorekry.fi\\\/\",\"name\":\"Autorekry\",\"description\":\"Yhdist\u00e4\u00e4 ty\u00f6ntekij\u00e4t ja ty\u00f6nantajat\",\"potentialAction\":[{\"@type\":\"SearchAction\",\"target\":{\"@type\":\"EntryPoint\",\"urlTemplate\":\"https:\\\/\\\/autorekry.fi\\\/?s={search_term_string}\"},\"query-input\":{\"@type\":\"PropertyValueSpecification\",\"valueRequired\":true,\"valueName\":\"search_term_string\"}}],\"inLanguage\":\"en-US\"}]}<\/script>\n<!-- \/ Yoast SEO plugin. -->","yoast_head_json":{"title":"About us - Autorekry","robots":{"index":"index","follow":"follow","max-snippet":"max-snippet:-1","max-image-preview":"max-image-preview:large","max-video-preview":"max-video-preview:-1"},"canonical":"https:\/\/autorekry.fi\/en\/about-us\/","og_locale":"en_US","og_type":"article","og_title":"About us - Autorekry","og_description":"Autorekry is Finland's first and only company specializing in automotive industry recruitmentAutorekry connects professionals in the automotive industryAutorekry Oy is a subsidiary of ADEQ Oy, with roots dating back to 2014. ADEQ specializes in training, coaching, and consulting for automotive organizations and personnel. Success in the automotive industry requires finding the right professionals for the [&hellip;]","og_url":"https:\/\/autorekry.fi\/en\/about-us\/","og_site_name":"Autorekry","article_modified_time":"2026-02-16T15:43:29+00:00","twitter_card":"summary_large_image","twitter_misc":{"Est. reading time":"3 minutes"},"schema":{"@context":"https:\/\/schema.org","@graph":[{"@type":"WebPage","@id":"https:\/\/autorekry.fi\/en\/about-us\/","url":"https:\/\/autorekry.fi\/en\/about-us\/","name":"About us - Autorekry","isPartOf":{"@id":"https:\/\/autorekry.fi\/#website"},"datePublished":"2023-04-18T13:03:28+00:00","dateModified":"2026-02-16T15:43:29+00:00","breadcrumb":{"@id":"https:\/\/autorekry.fi\/en\/about-us\/#breadcrumb"},"inLanguage":"en-US","potentialAction":[{"@type":"ReadAction","target":["https:\/\/autorekry.fi\/en\/about-us\/"]}]},{"@type":"BreadcrumbList","@id":"https:\/\/autorekry.fi\/en\/about-us\/#breadcrumb","itemListElement":[{"@type":"ListItem","position":1,"name":"Etusivu","item":"https:\/\/autorekry.fi\/"},{"@type":"ListItem","position":2,"name":"About us"}]},{"@type":"WebSite","@id":"https:\/\/autorekry.fi\/#website","url":"https:\/\/autorekry.fi\/","name":"Autorekry","description":"Yhdist\u00e4\u00e4 ty\u00f6ntekij\u00e4t ja ty\u00f6nantajat","potentialAction":[{"@type":"SearchAction","target":{"@type":"EntryPoint","urlTemplate":"https:\/\/autorekry.fi\/?s={search_term_string}"},"query-input":{"@type":"PropertyValueSpecification","valueRequired":true,"valueName":"search_term_string"}}],"inLanguage":"en-US"}]}},"_links":{"self":[{"href":"https:\/\/autorekry.fi\/en\/wp-json\/wp\/v2\/pages\/412","targetHints":{"allow":["GET"]}}],"collection":[{"href":"https:\/\/autorekry.fi\/en\/wp-json\/wp\/v2\/pages"}],"about":[{"href":"https:\/\/autorekry.fi\/en\/wp-json\/wp\/v2\/types\/page"}],"author":[{"embeddable":true,"href":"https:\/\/autorekry.fi\/en\/wp-json\/wp\/v2\/users\/1"}],"replies":[{"embeddable":true,"href":"https:\/\/autorekry.fi\/en\/wp-json\/wp\/v2\/comments?post=412"}],"version-history":[{"count":9,"href":"https:\/\/autorekry.fi\/en\/wp-json\/wp\/v2\/pages\/412\/revisions"}],"predecessor-version":[{"id":5522,"href":"https:\/\/autorekry.fi\/en\/wp-json\/wp\/v2\/pages\/412\/revisions\/5522"}],"wp:attachment":[{"href":"https:\/\/autorekry.fi\/en\/wp-json\/wp\/v2\/media?parent=412"}],"curies":[{"name":"wp","href":"https:\/\/api.w.org\/{rel}","templated":true}]}}