{"id":390,"date":"2023-04-18T15:52:52","date_gmt":"2023-04-18T12:52:52","guid":{"rendered":"https:\/\/autorekry.fi\/autorekry-gate\/"},"modified":"2024-09-03T13:14:24","modified_gmt":"2024-09-03T10:14:24","slug":"autorekry-gate","status":"publish","type":"page","link":"https:\/\/autorekry.fi\/en\/autorekry-gate\/","title":{"rendered":"Recruitment Training"},"content":{"rendered":"<p>[et_pb_section fb_built=&#8221;1&#8243; custom_padding_last_edited=&#8221;on|phone&#8221; next_background_color=&#8221;#ffffff&#8221; _builder_version=&#8221;4.20.4&#8243; _module_preset=&#8221;default&#8221; background_color=&#8221;rgba(0,0,0,0.31)&#8221; background_image=&#8221;https:\/\/autorekry.fi\/wp-content\/uploads\/2023\/04\/autorekry-porttisivu.jpg&#8221; background_position=&#8221;top_center&#8221; background_blend=&#8221;overlay&#8221; custom_padding=&#8221;150px||200px||false|false&#8221; custom_padding_tablet=&#8221;130px||150px||false|false&#8221; custom_padding_phone=&#8221;70px||100px||false|false&#8221; bottom_divider_style=&#8221;wave2&#8243; global_colors_info=&#8221;{}&#8221;][et_pb_row _builder_version=&#8221;4.20.4&#8243; _module_preset=&#8221;default&#8221; global_colors_info=&#8221;{}&#8221;][et_pb_column type=&#8221;4_4&#8243; _builder_version=&#8221;4.20.4&#8243; _module_preset=&#8221;default&#8221; global_colors_info=&#8221;{}&#8221;][et_pb_text _builder_version=&#8221;4.20.4&#8243; _module_preset=&#8221;default&#8221; header_font=&#8221;|300|||||||&#8221; header_text_align=&#8221;center&#8221; header_text_color=&#8221;#FFFFFF&#8221; header_font_size=&#8221;60px&#8221; header_line_height=&#8221;1.4em&#8221; max_width=&#8221;800px&#8221; module_alignment=&#8221;center&#8221; header_font_size_tablet=&#8221;50px&#8221; header_font_size_phone=&#8221;35px&#8221; header_font_size_last_edited=&#8221;on|phone&#8221; global_colors_info=&#8221;{}&#8221;]<\/p>\n<h1>Automotive<br \/><strong>Recruitment<\/strong><br \/>Training<\/h1>\n<p>[\/et_pb_text][\/et_pb_column][\/et_pb_row][\/et_pb_section][et_pb_section fb_built=&#8221;1&#8243; custom_padding_last_edited=&#8221;on|tablet&#8221; _builder_version=&#8221;4.20.4&#8243; _module_preset=&#8221;default&#8221; custom_padding=&#8221;80px||4px|||&#8221; custom_padding_tablet=&#8221;40px||4px||false|false&#8221; custom_padding_phone=&#8221;20px||||false|false&#8221; global_colors_info=&#8221;{}&#8221;][et_pb_row _builder_version=&#8221;4.20.4&#8243; _module_preset=&#8221;default&#8221; max_width=&#8221;900px&#8221; module_alignment=&#8221;center&#8221; global_colors_info=&#8221;{}&#8221;][et_pb_column type=&#8221;4_4&#8243; _builder_version=&#8221;4.20.4&#8243; _module_preset=&#8221;default&#8221; global_colors_info=&#8221;{}&#8221;][et_pb_text _builder_version=&#8221;4.27.0&#8243; _module_preset=&#8221;default&#8221; text_font=&#8221;|||on|||||&#8221; text_text_color=&#8221;#377DFF&#8221; text_letter_spacing=&#8221;1px&#8221; text_orientation=&#8221;center&#8221; custom_margin=&#8221;||10px||false|false&#8221; hover_enabled=&#8221;0&#8243; global_colors_info=&#8221;{}&#8221; sticky_enabled=&#8221;0&#8243;]<\/p>\n<p>Recruitment Training<\/p>\n<p>[\/et_pb_text][et_pb_text _builder_version=&#8221;4.20.4&#8243; _module_preset=&#8221;default&#8221; text_font_size=&#8221;32px&#8221; text_line_height=&#8221;1.6em&#8221; text_orientation=&#8221;center&#8221; text_font_size_tablet=&#8221;27px&#8221; text_font_size_phone=&#8221;22px&#8221; text_font_size_last_edited=&#8221;on|phone&#8221; global_colors_info=&#8221;{}&#8221;]<\/p>\n<p>Automotive <strong>recruitment training<\/strong> offers you a gateway to the future job opportunities in the automotive industry.<\/p>\n<p>[\/et_pb_text][et_pb_divider color=&#8221;#377DFF&#8221; divider_weight=&#8221;3px&#8221; _builder_version=&#8221;4.20.4&#8243; _module_preset=&#8221;default&#8221; width=&#8221;100px&#8221; module_alignment=&#8221;center&#8221; global_colors_info=&#8221;{}&#8221;][\/et_pb_divider][\/et_pb_column][\/et_pb_row][et_pb_row _builder_version=&#8221;4.20.4&#8243; _module_preset=&#8221;default&#8221; global_colors_info=&#8221;{}&#8221;][et_pb_column type=&#8221;4_4&#8243; _builder_version=&#8221;4.20.4&#8243; _module_preset=&#8221;default&#8221; global_colors_info=&#8221;{}&#8221;][et_pb_text _builder_version=&#8221;4.27.0&#8243; _module_preset=&#8221;default&#8221; text_font_size=&#8221;20px&#8221; text_line_height=&#8221;1.8em&#8221; text_orientation=&#8221;center&#8221; text_font_size_tablet=&#8221;20px&#8221; text_font_size_phone=&#8221;18px&#8221; text_font_size_last_edited=&#8221;on|phone&#8221; global_colors_info=&#8221;{}&#8221;]The automotive industry is currently undergoing its most significant transformation in a long time. Future roles in the industry may be very different from those we are accustomed to. However, it is certain that those who possess the right attitude and a continuous desire to learn will also succeed in the future. Automotive recruitment training is tailored to meet the future job demands of the industry.    All training programs are organized in collaboration with the best trainers and leading players in the industry. This ensures that employees gain the best possible tools for success in the automotive field through the training provided by Autorekry.[\/et_pb_text][\/et_pb_column][\/et_pb_row][et_pb_row custom_padding_last_edited=&#8221;on|tablet&#8221; _builder_version=&#8221;4.20.4&#8243; _module_preset=&#8221;default&#8221; custom_padding=&#8221;70px|||||&#8221; custom_padding_tablet=&#8221;0px||||false|false&#8221; custom_padding_phone=&#8221;0px||||false|false&#8221; global_colors_info=&#8221;{}&#8221;][et_pb_column type=&#8221;4_4&#8243; _builder_version=&#8221;4.20.4&#8243; _module_preset=&#8221;default&#8221; global_colors_info=&#8221;{}&#8221;][et_pb_divider color=&#8221;#377DFF&#8221; _builder_version=&#8221;4.20.4&#8243; _module_preset=&#8221;default&#8221; global_colors_info=&#8221;{}&#8221;][\/et_pb_divider][\/et_pb_column][\/et_pb_row][\/et_pb_section][et_pb_section fb_built=&#8221;1&#8243; custom_padding_last_edited=&#8221;on|tablet&#8221; _builder_version=&#8221;4.20.4&#8243; _module_preset=&#8221;default&#8221; custom_padding=&#8221;39px||2px|||&#8221; custom_padding_tablet=&#8221;0px||||false|false&#8221; custom_padding_phone=&#8221;0px||||false|false&#8221; global_colors_info=&#8221;{}&#8221;][et_pb_row _builder_version=&#8221;4.20.4&#8243; _module_preset=&#8221;default&#8221; module_alignment=&#8221;center&#8221; global_colors_info=&#8221;{}&#8221;][et_pb_column type=&#8221;4_4&#8243; _builder_version=&#8221;4.20.4&#8243; _module_preset=&#8221;default&#8221; global_colors_info=&#8221;{}&#8221;][et_pb_text _builder_version=&#8221;4.20.4&#8243; _module_preset=&#8221;default&#8221; text_font=&#8221;|||on|||||&#8221; text_text_color=&#8221;#377DFF&#8221; text_letter_spacing=&#8221;1px&#8221; text_orientation=&#8221;center&#8221; custom_margin=&#8221;||10px||false|false&#8221; global_colors_info=&#8221;{}&#8221;]Trainings[\/et_pb_text][et_pb_text _builder_version=&#8221;4.20.4&#8243; _module_preset=&#8221;default&#8221; text_font=&#8221;|600|||||||&#8221; text_font_size=&#8221;32px&#8221; text_line_height=&#8221;1.6em&#8221; text_orientation=&#8221;center&#8221; text_font_size_tablet=&#8221;27px&#8221; text_font_size_phone=&#8221;22px&#8221; text_font_size_last_edited=&#8221;on|phone&#8221; global_colors_info=&#8221;{}&#8221;]<\/p>\n<p>Digital Car Sales Professional (DAA)<\/p>\n<p>[\/et_pb_text][et_pb_divider color=&#8221;#377DFF&#8221; divider_weight=&#8221;3px&#8221; _builder_version=&#8221;4.20.4&#8243; _module_preset=&#8221;default&#8221; width=&#8221;100px&#8221; module_alignment=&#8221;center&#8221; global_colors_info=&#8221;{}&#8221;][\/et_pb_divider][et_pb_text _builder_version=&#8221;4.27.0&#8243; _module_preset=&#8221;default&#8221; text_font_size=&#8221;20px&#8221; text_line_height=&#8221;1.8em&#8221; text_orientation=&#8221;center&#8221; text_font_size_tablet=&#8221;20px&#8221; text_font_size_phone=&#8221;18px&#8221; text_font_size_last_edited=&#8221;on|phone&#8221; global_colors_info=&#8221;{}&#8221;]The Digital Car Sales Professional (DAA) training program is conducted in cooperation with official educational institutions. The training equips you with the skills to work in roles such as car salesperson, sales assistant, parts salesperson, service advisor, foreman, or automotive secretary.<br \/>Genuine interest and motivation for the industry and digital tools are more important than previous experience or background. The work also requires customer service skills, self-management, and a proactive and active approach.[\/et_pb_text][\/et_pb_column][\/et_pb_row][et_pb_row column_structure=&#8221;3_5,2_5&#8243; _builder_version=&#8221;4.20.4&#8243; _module_preset=&#8221;default&#8221; custom_margin=&#8221;24px|auto||auto||&#8221; global_colors_info=&#8221;{}&#8221;][et_pb_column type=&#8221;3_5&#8243; _builder_version=&#8221;4.20.4&#8243; _module_preset=&#8221;default&#8221; global_colors_info=&#8221;{}&#8221;][et_pb_text _builder_version=&#8221;4.20.4&#8243; _module_preset=&#8221;8f5ed50a-2cc8-4122-a8b6-bdc423dbf7f0&#8243; header_3_text_color=&#8221;#377DFF&#8221; custom_margin=&#8221;||10px||false|false&#8221; global_colors_info=&#8221;{}&#8221;]<\/p>\n<h3>More information<\/h3>\n<p>[\/et_pb_text][et_pb_text _builder_version=&#8221;4.27.0&#8243; _module_preset=&#8221;default&#8221; global_colors_info=&#8221;{}&#8221;]The DAA training program offers an interesting development path into the world of modern car sales. Partner companies (internship placements and potential future employers) include leading companies in the automotive industry. The training includes both in-person and remote teaching, as well as a work placement period. During the work placement period, there is active and planned skills development, with trainers supporting your specific development goals.[\/et_pb_text][et_pb_text _builder_version=&#8221;4.27.0&#8243; _module_preset=&#8221;default&#8221; global_colors_info=&#8221;{}&#8221;]<\/p>\n<p><strong>Topics covered in the DAA training include:<\/strong><\/p>\n<ul>\n<li>Basics of customer service, marketing, and customer outreach<\/li>\n<li>Basic skills of a car salesperson and sales processes<\/li>\n<li>Digital car sales (including digital marketing, hardware, and software orientation)<\/li>\n<li>DiSC Workplace Profile\u00ae, communication skills, and career planning<\/li>\n<li>Basics of legislation (contracts, financing, VAT, consumer protection, product liability, warranty, repair terms)<\/li>\n<li>Vehicle maintenance and inspection<\/li>\n<li>Vehicle technology (engines, transmissions, brakes, power sources, accessories, and equipment)<\/li>\n<\/ul>\n<p>[\/et_pb_text][\/et_pb_column][et_pb_column type=&#8221;2_5&#8243; _builder_version=&#8221;4.20.4&#8243; _module_preset=&#8221;default&#8221; background_color=&#8221;#ECF2FE&#8221; custom_padding=&#8221;30px|30px|30px|30px|true|true&#8221; border_radii=&#8221;on|30px|30px|30px|30px&#8221; global_colors_info=&#8221;{}&#8221;][et_pb_text _builder_version=&#8221;4.20.4&#8243; _module_preset=&#8221;8f5ed50a-2cc8-4122-a8b6-bdc423dbf7f0&#8243; header_3_text_color=&#8221;#377DFF&#8221; custom_margin=&#8221;||10px||false|false&#8221; global_colors_info=&#8221;{}&#8221;]<\/p>\n<h3>Applying for the Training<\/h3>\n<p>[\/et_pb_text][et_pb_text _builder_version=&#8221;4.27.0&#8243; _module_preset=&#8221;default&#8221; global_colors_info=&#8221;{}&#8221;]<\/p>\n<p>For more information, send an email to: <a href=\"mailto:info@autorekry.fi\">info@autorekry.fi<\/a><\/p>\n<p>We will notify you when the date for the next training is confirmed.<\/p>\n<p>[\/et_pb_text][\/et_pb_column][\/et_pb_row][et_pb_row custom_padding_last_edited=&#8221;on|tablet&#8221; _builder_version=&#8221;4.20.4&#8243; _module_preset=&#8221;default&#8221; custom_padding=&#8221;70px|||||&#8221; custom_padding_tablet=&#8221;0px||||false|false&#8221; custom_padding_phone=&#8221;0px||||false|false&#8221; global_colors_info=&#8221;{}&#8221;][et_pb_column type=&#8221;4_4&#8243; _builder_version=&#8221;4.20.4&#8243; _module_preset=&#8221;default&#8221; global_colors_info=&#8221;{}&#8221;][et_pb_divider color=&#8221;#377DFF&#8221; _builder_version=&#8221;4.20.4&#8243; _module_preset=&#8221;default&#8221; global_colors_info=&#8221;{}&#8221;][\/et_pb_divider][\/et_pb_column][\/et_pb_row][\/et_pb_section][et_pb_section fb_built=&#8221;1&#8243; custom_padding_last_edited=&#8221;on|tablet&#8221; _builder_version=&#8221;4.20.4&#8243; _module_preset=&#8221;default&#8221; custom_padding=&#8221;39px||2px|||&#8221; custom_padding_tablet=&#8221;0px||||false|false&#8221; custom_padding_phone=&#8221;0px||||false|false&#8221; global_colors_info=&#8221;{}&#8221;][et_pb_row _builder_version=&#8221;4.20.4&#8243; _module_preset=&#8221;default&#8221; module_alignment=&#8221;center&#8221; global_colors_info=&#8221;{}&#8221;][et_pb_column type=&#8221;4_4&#8243; _builder_version=&#8221;4.20.4&#8243; _module_preset=&#8221;default&#8221; global_colors_info=&#8221;{}&#8221;][et_pb_text _builder_version=&#8221;4.20.4&#8243; _module_preset=&#8221;default&#8221; text_font=&#8221;|||on|||||&#8221; text_text_color=&#8221;#377DFF&#8221; text_letter_spacing=&#8221;1px&#8221; text_orientation=&#8221;center&#8221; custom_margin=&#8221;||10px||false|false&#8221; global_colors_info=&#8221;{}&#8221;]Trainings[\/et_pb_text][et_pb_text _builder_version=&#8221;4.20.4&#8243; _module_preset=&#8221;default&#8221; text_font=&#8221;|600|||||||&#8221; text_font_size=&#8221;32px&#8221; text_line_height=&#8221;1.6em&#8221; text_orientation=&#8221;center&#8221; text_font_size_tablet=&#8221;27px&#8221; text_font_size_phone=&#8221;22px&#8221; text_font_size_last_edited=&#8221;on|phone&#8221; global_colors_info=&#8221;{}&#8221;]<\/p>\n<p>Automotive Service Mechanic (APM)<\/p>\n<p>[\/et_pb_text][et_pb_divider color=&#8221;#377DFF&#8221; divider_weight=&#8221;3px&#8221; _builder_version=&#8221;4.20.4&#8243; _module_preset=&#8221;default&#8221; width=&#8221;100px&#8221; module_alignment=&#8221;center&#8221; global_colors_info=&#8221;{}&#8221;][\/et_pb_divider][et_pb_text _builder_version=&#8221;4.27.0&#8243; _module_preset=&#8221;default&#8221; text_font_size=&#8221;20px&#8221; text_line_height=&#8221;1.8em&#8221; text_orientation=&#8221;center&#8221; text_font_size_tablet=&#8221;20px&#8221; text_font_size_phone=&#8221;18px&#8221; text_font_size_last_edited=&#8221;on|phone&#8221; global_colors_info=&#8221;{}&#8221;]The Automotive Service Mechanic (APM) training program equips you to work in mechanic and customer service roles.<br \/>Genuine interest and motivation for the industry and digital tools are more important than previous experience or background. The work also requires customer service skills, self-management, and a proactive and active approach.[\/et_pb_text][\/et_pb_column][\/et_pb_row][et_pb_row column_structure=&#8221;3_5,2_5&#8243; _builder_version=&#8221;4.20.4&#8243; _module_preset=&#8221;default&#8221; custom_margin=&#8221;24px|auto||auto||&#8221; global_colors_info=&#8221;{}&#8221;][et_pb_column type=&#8221;3_5&#8243; _builder_version=&#8221;4.20.4&#8243; _module_preset=&#8221;default&#8221; global_colors_info=&#8221;{}&#8221;][et_pb_text _builder_version=&#8221;4.20.4&#8243; _module_preset=&#8221;8f5ed50a-2cc8-4122-a8b6-bdc423dbf7f0&#8243; header_3_text_color=&#8221;#377DFF&#8221; custom_margin=&#8221;||10px||false|false&#8221; global_colors_info=&#8221;{}&#8221;]<\/p>\n<h3>More information<\/h3>\n<p>[\/et_pb_text][et_pb_text _builder_version=&#8221;4.27.0&#8243; _module_preset=&#8221;default&#8221; global_colors_info=&#8221;{}&#8221;]The APM training program offers an interesting development path into the world of modern car sales. Partner companies (internship placements and potential future employers) include leading companies in the automotive industry. The training includes both in-person and remote teaching, as well as a work placement period. During the working life period, active and planned competence development is carried out, where the coaches are there to support your development goals.[\/et_pb_text][et_pb_text _builder_version=&#8221;4.27.0&#8243; _module_preset=&#8221;default&#8221; global_colors_info=&#8221;{}&#8221;]<\/p>\n<p><strong>Topics covered in the APM training include:<\/strong><\/p>\n<ul>\n<li>Working as an automotive mechanic<\/li>\n<li>Basics of automotive technology<\/li>\n<li>Modern electrical and hybrid technology<\/li>\n<li>Basic processes in car sales and service<\/li>\n<li>Automotive dealership operations from the customer\u2019s perspective (including basics of customer service)<\/li>\n<li>Car dealership systems and digital tools in a mechanic\u2019s work<\/li>\n<li>The future of the automotive industry<\/li>\n<\/ul>\n<p>[\/et_pb_text][\/et_pb_column][et_pb_column type=&#8221;2_5&#8243; _builder_version=&#8221;4.20.4&#8243; _module_preset=&#8221;default&#8221; background_color=&#8221;#ECF2FE&#8221; custom_padding=&#8221;30px|30px|30px|30px|true|true&#8221; border_radii=&#8221;on|30px|30px|30px|30px&#8221; global_colors_info=&#8221;{}&#8221;][et_pb_text _builder_version=&#8221;4.20.4&#8243; _module_preset=&#8221;8f5ed50a-2cc8-4122-a8b6-bdc423dbf7f0&#8243; header_3_text_color=&#8221;#377DFF&#8221; custom_margin=&#8221;||10px||false|false&#8221; global_colors_info=&#8221;{}&#8221;]<\/p>\n<h3>Applying for the Training<\/h3>\n<p>[\/et_pb_text][et_pb_text _builder_version=&#8221;4.27.0&#8243; _module_preset=&#8221;default&#8221; global_colors_info=&#8221;{}&#8221;]<\/p>\n<p>For more information, send an email to: <a href=\"mailto:info@autorekry.fi\">info@autorekry.fi<\/a><\/p>\n<p>We will notify you when the date for the next training is confirmed.<\/p>\n<p>[\/et_pb_text][\/et_pb_column][\/et_pb_row][\/et_pb_section][et_pb_section fb_built=&#8221;1&#8243; custom_padding_last_edited=&#8221;on|tablet&#8221; _builder_version=&#8221;4.20.4&#8243; _module_preset=&#8221;default&#8221; custom_padding=&#8221;6px||2px|||&#8221; custom_padding_tablet=&#8221;0px||||false|false&#8221; custom_padding_phone=&#8221;0px||||false|false&#8221; global_colors_info=&#8221;{}&#8221;][et_pb_row custom_padding_last_edited=&#8221;on|tablet&#8221; _builder_version=&#8221;4.20.4&#8243; _module_preset=&#8221;default&#8221; custom_padding=&#8221;70px|||||&#8221; custom_padding_tablet=&#8221;0px||||false|false&#8221; custom_padding_phone=&#8221;0px||||false|false&#8221; global_colors_info=&#8221;{}&#8221;][et_pb_column type=&#8221;4_4&#8243; _builder_version=&#8221;4.20.4&#8243; _module_preset=&#8221;default&#8221; global_colors_info=&#8221;{}&#8221;][et_pb_divider color=&#8221;#377DFF&#8221; _builder_version=&#8221;4.20.4&#8243; _module_preset=&#8221;default&#8221; global_colors_info=&#8221;{}&#8221;][\/et_pb_divider][\/et_pb_column][\/et_pb_row][et_pb_row _builder_version=&#8221;4.20.4&#8243; _module_preset=&#8221;default&#8221; module_alignment=&#8221;center&#8221; custom_padding=&#8221;||38px|||&#8221; global_colors_info=&#8221;{}&#8221;][et_pb_column type=&#8221;4_4&#8243; _builder_version=&#8221;4.20.4&#8243; _module_preset=&#8221;default&#8221; global_colors_info=&#8221;{}&#8221;][et_pb_text _builder_version=&#8221;4.20.4&#8243; _module_preset=&#8221;default&#8221; text_font=&#8221;|||on|||||&#8221; text_text_color=&#8221;#377DFF&#8221; text_letter_spacing=&#8221;1px&#8221; text_orientation=&#8221;center&#8221; custom_margin=&#8221;||10px||false|false&#8221; global_colors_info=&#8221;{}&#8221;]Trainings[\/et_pb_text][et_pb_text _builder_version=&#8221;4.27.0&#8243; _module_preset=&#8221;default&#8221; text_font=&#8221;|600|||||||&#8221; text_font_size=&#8221;32px&#8221; text_line_height=&#8221;1.6em&#8221; text_orientation=&#8221;center&#8221; text_font_size_tablet=&#8221;27px&#8221; text_font_size_phone=&#8221;22px&#8221; text_font_size_last_edited=&#8221;on|phone&#8221; global_colors_info=&#8221;{}&#8221;]Customized Corporate Training[\/et_pb_text][et_pb_divider color=&#8221;#377DFF&#8221; divider_weight=&#8221;3px&#8221; _builder_version=&#8221;4.20.4&#8243; _module_preset=&#8221;default&#8221; width=&#8221;100px&#8221; module_alignment=&#8221;center&#8221; global_colors_info=&#8221;{}&#8221;][\/et_pb_divider][et_pb_text _builder_version=&#8221;4.27.0&#8243; _module_preset=&#8221;default&#8221; text_font_size=&#8221;20px&#8221; text_line_height=&#8221;1.8em&#8221; text_orientation=&#8221;center&#8221; custom_margin=&#8221;||33px|||&#8221; text_font_size_tablet=&#8221;20px&#8221; text_font_size_phone=&#8221;18px&#8221; text_font_size_last_edited=&#8221;on|phone&#8221; global_colors_info=&#8221;{}&#8221;]We also offer customized corporate training, where the content is planned together with the client. Contact us, and we will arrange the training that best suits your needs![\/et_pb_text][\/et_pb_column][\/et_pb_row][\/et_pb_section]<\/p>\n","protected":false},"excerpt":{"rendered":"<p>AutomotiveRecruitmentTrainingRecruitment TrainingAutomotive recruitment training offers you a gateway to the future job opportunities in the automotive industry.The automotive industry is currently undergoing its most significant transformation in a long time. Future roles in the industry may be very different from those we are accustomed to. However, it is certain that those who possess the right [&hellip;]<\/p>\n","protected":false},"author":1,"featured_media":0,"parent":0,"menu_order":0,"comment_status":"closed","ping_status":"closed","template":"","meta":{"_acf_changed":false,"_et_pb_use_builder":"on","_et_pb_old_content":"","_et_gb_content_width":"","footnotes":""},"class_list":["post-390","page","type-page","status-publish","hentry"],"acf":[],"yoast_head":"<!-- This site is optimized with the Yoast SEO plugin v27.3 - https:\/\/yoast.com\/product\/yoast-seo-wordpress\/ -->\n<title>Recruitment Training - Autorekry<\/title>\n<meta name=\"robots\" content=\"index, follow, max-snippet:-1, max-image-preview:large, max-video-preview:-1\" \/>\n<link rel=\"canonical\" href=\"https:\/\/autorekry.fi\/en\/autorekry-gate\/\" \/>\n<meta property=\"og:locale\" content=\"en_US\" \/>\n<meta property=\"og:type\" content=\"article\" \/>\n<meta property=\"og:title\" content=\"Recruitment Training - Autorekry\" \/>\n<meta property=\"og:description\" content=\"AutomotiveRecruitmentTrainingRecruitment TrainingAutomotive recruitment training offers you a gateway to the future job opportunities in the automotive industry.The automotive industry is currently undergoing its most significant transformation in a long time. Future roles in the industry may be very different from those we are accustomed to. However, it is certain that those who possess the right [&hellip;]\" \/>\n<meta property=\"og:url\" content=\"https:\/\/autorekry.fi\/en\/autorekry-gate\/\" \/>\n<meta property=\"og:site_name\" content=\"Autorekry\" \/>\n<meta property=\"article:modified_time\" content=\"2024-09-03T10:14:24+00:00\" \/>\n<meta name=\"twitter:card\" content=\"summary_large_image\" \/>\n<meta name=\"twitter:label1\" content=\"Est. reading time\" \/>\n\t<meta name=\"twitter:data1\" content=\"11 minutes\" \/>\n<script type=\"application\/ld+json\" class=\"yoast-schema-graph\">{\"@context\":\"https:\\\/\\\/schema.org\",\"@graph\":[{\"@type\":\"WebPage\",\"@id\":\"https:\\\/\\\/autorekry.fi\\\/en\\\/autorekry-gate\\\/\",\"url\":\"https:\\\/\\\/autorekry.fi\\\/en\\\/autorekry-gate\\\/\",\"name\":\"Recruitment Training - Autorekry\",\"isPartOf\":{\"@id\":\"https:\\\/\\\/autorekry.fi\\\/#website\"},\"datePublished\":\"2023-04-18T12:52:52+00:00\",\"dateModified\":\"2024-09-03T10:14:24+00:00\",\"breadcrumb\":{\"@id\":\"https:\\\/\\\/autorekry.fi\\\/en\\\/autorekry-gate\\\/#breadcrumb\"},\"inLanguage\":\"en-US\",\"potentialAction\":[{\"@type\":\"ReadAction\",\"target\":[\"https:\\\/\\\/autorekry.fi\\\/en\\\/autorekry-gate\\\/\"]}]},{\"@type\":\"BreadcrumbList\",\"@id\":\"https:\\\/\\\/autorekry.fi\\\/en\\\/autorekry-gate\\\/#breadcrumb\",\"itemListElement\":[{\"@type\":\"ListItem\",\"position\":1,\"name\":\"Etusivu\",\"item\":\"https:\\\/\\\/autorekry.fi\\\/\"},{\"@type\":\"ListItem\",\"position\":2,\"name\":\"Recruitment Training\"}]},{\"@type\":\"WebSite\",\"@id\":\"https:\\\/\\\/autorekry.fi\\\/#website\",\"url\":\"https:\\\/\\\/autorekry.fi\\\/\",\"name\":\"Autorekry\",\"description\":\"Yhdist\u00e4\u00e4 ty\u00f6ntekij\u00e4t ja ty\u00f6nantajat\",\"potentialAction\":[{\"@type\":\"SearchAction\",\"target\":{\"@type\":\"EntryPoint\",\"urlTemplate\":\"https:\\\/\\\/autorekry.fi\\\/?s={search_term_string}\"},\"query-input\":{\"@type\":\"PropertyValueSpecification\",\"valueRequired\":true,\"valueName\":\"search_term_string\"}}],\"inLanguage\":\"en-US\"}]}<\/script>\n<!-- \/ Yoast SEO plugin. -->","yoast_head_json":{"title":"Recruitment Training - Autorekry","robots":{"index":"index","follow":"follow","max-snippet":"max-snippet:-1","max-image-preview":"max-image-preview:large","max-video-preview":"max-video-preview:-1"},"canonical":"https:\/\/autorekry.fi\/en\/autorekry-gate\/","og_locale":"en_US","og_type":"article","og_title":"Recruitment Training - Autorekry","og_description":"AutomotiveRecruitmentTrainingRecruitment TrainingAutomotive recruitment training offers you a gateway to the future job opportunities in the automotive industry.The automotive industry is currently undergoing its most significant transformation in a long time. Future roles in the industry may be very different from those we are accustomed to. However, it is certain that those who possess the right [&hellip;]","og_url":"https:\/\/autorekry.fi\/en\/autorekry-gate\/","og_site_name":"Autorekry","article_modified_time":"2024-09-03T10:14:24+00:00","twitter_card":"summary_large_image","twitter_misc":{"Est. reading time":"11 minutes"},"schema":{"@context":"https:\/\/schema.org","@graph":[{"@type":"WebPage","@id":"https:\/\/autorekry.fi\/en\/autorekry-gate\/","url":"https:\/\/autorekry.fi\/en\/autorekry-gate\/","name":"Recruitment Training - Autorekry","isPartOf":{"@id":"https:\/\/autorekry.fi\/#website"},"datePublished":"2023-04-18T12:52:52+00:00","dateModified":"2024-09-03T10:14:24+00:00","breadcrumb":{"@id":"https:\/\/autorekry.fi\/en\/autorekry-gate\/#breadcrumb"},"inLanguage":"en-US","potentialAction":[{"@type":"ReadAction","target":["https:\/\/autorekry.fi\/en\/autorekry-gate\/"]}]},{"@type":"BreadcrumbList","@id":"https:\/\/autorekry.fi\/en\/autorekry-gate\/#breadcrumb","itemListElement":[{"@type":"ListItem","position":1,"name":"Etusivu","item":"https:\/\/autorekry.fi\/"},{"@type":"ListItem","position":2,"name":"Recruitment Training"}]},{"@type":"WebSite","@id":"https:\/\/autorekry.fi\/#website","url":"https:\/\/autorekry.fi\/","name":"Autorekry","description":"Yhdist\u00e4\u00e4 ty\u00f6ntekij\u00e4t ja ty\u00f6nantajat","potentialAction":[{"@type":"SearchAction","target":{"@type":"EntryPoint","urlTemplate":"https:\/\/autorekry.fi\/?s={search_term_string}"},"query-input":{"@type":"PropertyValueSpecification","valueRequired":true,"valueName":"search_term_string"}}],"inLanguage":"en-US"}]}},"_links":{"self":[{"href":"https:\/\/autorekry.fi\/en\/wp-json\/wp\/v2\/pages\/390","targetHints":{"allow":["GET"]}}],"collection":[{"href":"https:\/\/autorekry.fi\/en\/wp-json\/wp\/v2\/pages"}],"about":[{"href":"https:\/\/autorekry.fi\/en\/wp-json\/wp\/v2\/types\/page"}],"author":[{"embeddable":true,"href":"https:\/\/autorekry.fi\/en\/wp-json\/wp\/v2\/users\/1"}],"replies":[{"embeddable":true,"href":"https:\/\/autorekry.fi\/en\/wp-json\/wp\/v2\/comments?post=390"}],"version-history":[{"count":8,"href":"https:\/\/autorekry.fi\/en\/wp-json\/wp\/v2\/pages\/390\/revisions"}],"predecessor-version":[{"id":2855,"href":"https:\/\/autorekry.fi\/en\/wp-json\/wp\/v2\/pages\/390\/revisions\/2855"}],"wp:attachment":[{"href":"https:\/\/autorekry.fi\/en\/wp-json\/wp\/v2\/media?parent=390"}],"curies":[{"name":"wp","href":"https:\/\/api.w.org\/{rel}","templated":true}]}}