{"id":377,"date":"2023-04-24T09:47:22","date_gmt":"2023-04-24T06:47:22","guid":{"rendered":"https:\/\/autorekry.fi\/open-positions\/"},"modified":"2024-02-26T09:29:59","modified_gmt":"2024-02-26T07:29:59","slug":"open-positions","status":"publish","type":"page","link":"https:\/\/autorekry.fi\/en\/open-positions\/","title":{"rendered":"Open positions"},"content":{"rendered":"<p>[et_pb_section fb_built=&#8221;1&#8243; admin_label=&#8221;section&#8221; _builder_version=&#8221;4.21.0&#8243; global_colors_info=&#8221;{}&#8221;][et_pb_row admin_label=&#8221;row&#8221; _builder_version=&#8221;4.16&#8243; background_size=&#8221;initial&#8221; background_position=&#8221;top_left&#8221; background_repeat=&#8221;repeat&#8221; global_colors_info=&#8221;{}&#8221;][et_pb_column type=&#8221;4_4&#8243; _builder_version=&#8221;4.16&#8243; custom_padding=&#8221;|||&#8221; global_colors_info=&#8221;{}&#8221; custom_padding__hover=&#8221;|||&#8221;][et_pb_post_title meta=&#8221;off&#8221; featured_image=&#8221;off&#8221; _builder_version=&#8221;4.21.0&#8243; _module_preset=&#8221;default&#8221; global_colors_info=&#8221;{}&#8221;][\/et_pb_post_title][et_pb_blog fullwidth=&#8221;off&#8221; posts_number=&#8221;100&#8243; use_manual_excerpt=&#8221;off&#8221; show_more=&#8221;on&#8221; show_author=&#8221;off&#8221; show_date=&#8221;off&#8221; show_categories=&#8221;off&#8221; admin_label=&#8221;avoimet ty\u00f6paikat&#8221; _builder_version=&#8221;4.23&#8243; _module_preset=&#8221;default&#8221; header_font=&#8221;|600|||||||&#8221; header_text_color=&#8221;#377DFF&#8221; header_line_height=&#8221;1.4em&#8221; read_more_font=&#8221;|700|||||||&#8221; read_more_font_size=&#8221;18px&#8221; read_more_line_height=&#8221;2em&#8221; width=&#8221;100%&#8221; hover_enabled=&#8221;0&#8243; global_colors_info=&#8221;{}&#8221; post_type=&#8221;tyopaikka&#8221; sticky_enabled=&#8221;0&#8243;][\/et_pb_blog][\/et_pb_column][\/et_pb_row][\/et_pb_section]<\/p>\n","protected":false},"excerpt":{"rendered":"","protected":false},"author":1,"featured_media":0,"parent":0,"menu_order":0,"comment_status":"closed","ping_status":"closed","template":"","meta":{"_acf_changed":false,"_et_pb_use_builder":"on","_et_pb_old_content":"","_et_gb_content_width":"","footnotes":""},"class_list":["post-377","page","type-page","status-publish","hentry"],"acf":[],"yoast_head":"<!-- This site is optimized with the Yoast SEO plugin v27.3 - https:\/\/yoast.com\/product\/yoast-seo-wordpress\/ -->\n<title>Open positions - Autorekry<\/title>\n<meta name=\"robots\" content=\"index, follow, max-snippet:-1, max-image-preview:large, max-video-preview:-1\" \/>\n<link rel=\"canonical\" href=\"https:\/\/autorekry.fi\/en\/open-positions\/\" \/>\n<meta property=\"og:locale\" content=\"en_US\" \/>\n<meta property=\"og:type\" content=\"article\" \/>\n<meta property=\"og:title\" content=\"Open positions - Autorekry\" \/>\n<meta property=\"og:url\" content=\"https:\/\/autorekry.fi\/en\/open-positions\/\" \/>\n<meta property=\"og:site_name\" content=\"Autorekry\" \/>\n<meta property=\"article:modified_time\" content=\"2024-02-26T07:29:59+00:00\" \/>\n<meta name=\"twitter:card\" content=\"summary_large_image\" \/>\n<meta name=\"twitter:label1\" content=\"Est. reading time\" \/>\n\t<meta name=\"twitter:data1\" content=\"1 minute\" \/>\n<script type=\"application\/ld+json\" class=\"yoast-schema-graph\">{\"@context\":\"https:\\\/\\\/schema.org\",\"@graph\":[{\"@type\":\"WebPage\",\"@id\":\"https:\\\/\\\/autorekry.fi\\\/en\\\/open-positions\\\/\",\"url\":\"https:\\\/\\\/autorekry.fi\\\/en\\\/open-positions\\\/\",\"name\":\"Open positions - Autorekry\",\"isPartOf\":{\"@id\":\"https:\\\/\\\/autorekry.fi\\\/#website\"},\"datePublished\":\"2023-04-24T06:47:22+00:00\",\"dateModified\":\"2024-02-26T07:29:59+00:00\",\"breadcrumb\":{\"@id\":\"https:\\\/\\\/autorekry.fi\\\/en\\\/open-positions\\\/#breadcrumb\"},\"inLanguage\":\"en-US\",\"potentialAction\":[{\"@type\":\"ReadAction\",\"target\":[\"https:\\\/\\\/autorekry.fi\\\/en\\\/open-positions\\\/\"]}]},{\"@type\":\"BreadcrumbList\",\"@id\":\"https:\\\/\\\/autorekry.fi\\\/en\\\/open-positions\\\/#breadcrumb\",\"itemListElement\":[{\"@type\":\"ListItem\",\"position\":1,\"name\":\"Etusivu\",\"item\":\"https:\\\/\\\/autorekry.fi\\\/\"},{\"@type\":\"ListItem\",\"position\":2,\"name\":\"Open positions\"}]},{\"@type\":\"WebSite\",\"@id\":\"https:\\\/\\\/autorekry.fi\\\/#website\",\"url\":\"https:\\\/\\\/autorekry.fi\\\/\",\"name\":\"Autorekry\",\"description\":\"Yhdist\u00e4\u00e4 ty\u00f6ntekij\u00e4t ja ty\u00f6nantajat\",\"potentialAction\":[{\"@type\":\"SearchAction\",\"target\":{\"@type\":\"EntryPoint\",\"urlTemplate\":\"https:\\\/\\\/autorekry.fi\\\/?s={search_term_string}\"},\"query-input\":{\"@type\":\"PropertyValueSpecification\",\"valueRequired\":true,\"valueName\":\"search_term_string\"}}],\"inLanguage\":\"en-US\"}]}<\/script>\n<!-- \/ Yoast SEO plugin. -->","yoast_head_json":{"title":"Open positions - Autorekry","robots":{"index":"index","follow":"follow","max-snippet":"max-snippet:-1","max-image-preview":"max-image-preview:large","max-video-preview":"max-video-preview:-1"},"canonical":"https:\/\/autorekry.fi\/en\/open-positions\/","og_locale":"en_US","og_type":"article","og_title":"Open positions - Autorekry","og_url":"https:\/\/autorekry.fi\/en\/open-positions\/","og_site_name":"Autorekry","article_modified_time":"2024-02-26T07:29:59+00:00","twitter_card":"summary_large_image","twitter_misc":{"Est. reading time":"1 minute"},"schema":{"@context":"https:\/\/schema.org","@graph":[{"@type":"WebPage","@id":"https:\/\/autorekry.fi\/en\/open-positions\/","url":"https:\/\/autorekry.fi\/en\/open-positions\/","name":"Open positions - Autorekry","isPartOf":{"@id":"https:\/\/autorekry.fi\/#website"},"datePublished":"2023-04-24T06:47:22+00:00","dateModified":"2024-02-26T07:29:59+00:00","breadcrumb":{"@id":"https:\/\/autorekry.fi\/en\/open-positions\/#breadcrumb"},"inLanguage":"en-US","potentialAction":[{"@type":"ReadAction","target":["https:\/\/autorekry.fi\/en\/open-positions\/"]}]},{"@type":"BreadcrumbList","@id":"https:\/\/autorekry.fi\/en\/open-positions\/#breadcrumb","itemListElement":[{"@type":"ListItem","position":1,"name":"Etusivu","item":"https:\/\/autorekry.fi\/"},{"@type":"ListItem","position":2,"name":"Open positions"}]},{"@type":"WebSite","@id":"https:\/\/autorekry.fi\/#website","url":"https:\/\/autorekry.fi\/","name":"Autorekry","description":"Yhdist\u00e4\u00e4 ty\u00f6ntekij\u00e4t ja ty\u00f6nantajat","potentialAction":[{"@type":"SearchAction","target":{"@type":"EntryPoint","urlTemplate":"https:\/\/autorekry.fi\/?s={search_term_string}"},"query-input":{"@type":"PropertyValueSpecification","valueRequired":true,"valueName":"search_term_string"}}],"inLanguage":"en-US"}]}},"_links":{"self":[{"href":"https:\/\/autorekry.fi\/en\/wp-json\/wp\/v2\/pages\/377","targetHints":{"allow":["GET"]}}],"collection":[{"href":"https:\/\/autorekry.fi\/en\/wp-json\/wp\/v2\/pages"}],"about":[{"href":"https:\/\/autorekry.fi\/en\/wp-json\/wp\/v2\/types\/page"}],"author":[{"embeddable":true,"href":"https:\/\/autorekry.fi\/en\/wp-json\/wp\/v2\/users\/1"}],"replies":[{"embeddable":true,"href":"https:\/\/autorekry.fi\/en\/wp-json\/wp\/v2\/comments?post=377"}],"version-history":[{"count":8,"href":"https:\/\/autorekry.fi\/en\/wp-json\/wp\/v2\/pages\/377\/revisions"}],"predecessor-version":[{"id":2036,"href":"https:\/\/autorekry.fi\/en\/wp-json\/wp\/v2\/pages\/377\/revisions\/2036"}],"wp:attachment":[{"href":"https:\/\/autorekry.fi\/en\/wp-json\/wp\/v2\/media?parent=377"}],"curies":[{"name":"wp","href":"https:\/\/api.w.org\/{rel}","templated":true}]}}