{"id":2921,"date":"2024-09-05T14:37:33","date_gmt":"2024-09-05T11:37:33","guid":{"rendered":"https:\/\/autorekry.fi\/employer-image\/"},"modified":"2024-09-05T15:21:19","modified_gmt":"2024-09-05T12:21:19","slug":"employer-image","status":"publish","type":"page","link":"https:\/\/autorekry.fi\/en\/employer-image\/","title":{"rendered":"Employer image"},"content":{"rendered":"<p>[et_pb_section fb_built=&#8221;1&#8243; custom_padding_last_edited=&#8221;on|phone&#8221; next_background_color=&#8221;#ffffff&#8221; _builder_version=&#8221;4.27.0&#8243; _module_preset=&#8221;default&#8221; background_color=&#8221;rgba(0,0,0,0.44)&#8221; background_image=&#8221;https:\/\/autorekry.fi\/wp-content\/uploads\/2024\/09\/tyonantajamielikuva.jpg&#8221; background_blend=&#8221;overlay&#8221; custom_padding=&#8221;150px||200px||false|false&#8221; custom_padding_tablet=&#8221;130px||150px||false|false&#8221; custom_padding_phone=&#8221;70px||100px||false|false&#8221; bottom_divider_style=&#8221;wave2&#8243; hover_enabled=&#8221;0&#8243; global_colors_info=&#8221;{}&#8221; theme_builder_area=&#8221;post_content&#8221; title_text=&#8221;tyonantajamielikuva&#8221; sticky_enabled=&#8221;0&#8243;][et_pb_row _builder_version=&#8221;4.20.4&#8243; _module_preset=&#8221;default&#8221; global_colors_info=&#8221;{}&#8221; theme_builder_area=&#8221;post_content&#8221;][et_pb_column type=&#8221;4_4&#8243; _builder_version=&#8221;4.20.4&#8243; _module_preset=&#8221;default&#8221; global_colors_info=&#8221;{}&#8221; theme_builder_area=&#8221;post_content&#8221;][et_pb_text _builder_version=&#8221;4.27.0&#8243; _module_preset=&#8221;default&#8221; header_font=&#8221;|300|||||||&#8221; header_text_align=&#8221;center&#8221; header_text_color=&#8221;#FFFFFF&#8221; header_font_size=&#8221;60px&#8221; header_line_height=&#8221;1.4em&#8221; max_width=&#8221;800px&#8221; module_alignment=&#8221;center&#8221; hover_enabled=&#8221;0&#8243; header_font_size_tablet=&#8221;50px&#8221; header_font_size_phone=&#8221;35px&#8221; header_font_size_last_edited=&#8221;on|phone&#8221; global_colors_info=&#8221;{}&#8221; theme_builder_area=&#8221;post_content&#8221; sticky_enabled=&#8221;0&#8243;]<\/p>\n<h1><strong>Employer image<\/strong> in the automotive industry<\/h1>\n<p>[\/et_pb_text][\/et_pb_column][\/et_pb_row][\/et_pb_section][et_pb_section fb_built=&#8221;1&#8243; custom_padding_last_edited=&#8221;on|tablet&#8221; _builder_version=&#8221;4.20.4&#8243; _module_preset=&#8221;default&#8221; custom_padding=&#8221;80px||4px|||&#8221; custom_padding_tablet=&#8221;40px||4px||false|false&#8221; custom_padding_phone=&#8221;20px||||false|false&#8221; global_colors_info=&#8221;{}&#8221; theme_builder_area=&#8221;post_content&#8221;][et_pb_row _builder_version=&#8221;4.20.4&#8243; _module_preset=&#8221;default&#8221; max_width=&#8221;900px&#8221; module_alignment=&#8221;center&#8221; global_colors_info=&#8221;{}&#8221; theme_builder_area=&#8221;post_content&#8221;][et_pb_column type=&#8221;4_4&#8243; _builder_version=&#8221;4.20.4&#8243; _module_preset=&#8221;default&#8221; global_colors_info=&#8221;{}&#8221; theme_builder_area=&#8221;post_content&#8221;][et_pb_text _builder_version=&#8221;4.27.0&#8243; _module_preset=&#8221;default&#8221; text_font=&#8221;|||on|||||&#8221; text_text_color=&#8221;#377DFF&#8221; text_letter_spacing=&#8221;1px&#8221; text_orientation=&#8221;center&#8221; custom_margin=&#8221;||10px||false|false&#8221; hover_enabled=&#8221;0&#8243; global_colors_info=&#8221;{}&#8221; theme_builder_area=&#8221;post_content&#8221; sticky_enabled=&#8221;0&#8243;]Employer image[\/et_pb_text][et_pb_text _builder_version=&#8221;4.27.0&#8243; _module_preset=&#8221;default&#8221; text_font_size=&#8221;32px&#8221; text_line_height=&#8221;1.6em&#8221; text_orientation=&#8221;center&#8221; custom_margin=&#8221;||40px|||&#8221; hover_enabled=&#8221;0&#8243; text_font_size_tablet=&#8221;27px&#8221; text_font_size_phone=&#8221;22px&#8221; text_font_size_last_edited=&#8221;on|phone&#8221; global_colors_info=&#8221;{}&#8221; theme_builder_area=&#8221;post_content&#8221; sticky_enabled=&#8221;0&#8243;]<\/p>\n<p>To ensure the necessary expertise, employers must build their <strong>employer image<\/strong> in a planned, distinctive, and measurable way.<\/p>\n<p>[\/et_pb_text][et_pb_divider color=&#8221;#377DFF&#8221; _builder_version=&#8221;4.20.4&#8243; _module_preset=&#8221;default&#8221; global_colors_info=&#8221;{}&#8221; theme_builder_area=&#8221;post_content&#8221;][\/et_pb_divider][\/et_pb_column][\/et_pb_row][\/et_pb_section][et_pb_section fb_built=&#8221;1&#8243; custom_padding_last_edited=&#8221;on|phone&#8221; _builder_version=&#8221;4.27.0&#8243; _module_preset=&#8221;default&#8221; custom_padding=&#8221;1px||4px|||&#8221; custom_padding_tablet=&#8221;0px||4px||false|false&#8221; custom_padding_phone=&#8221;0px||||false|false&#8221; global_colors_info=&#8221;{}&#8221; theme_builder_area=&#8221;post_content&#8221;][et_pb_row _builder_version=&#8221;4.20.4&#8243; _module_preset=&#8221;default&#8221; max_width=&#8221;900px&#8221; module_alignment=&#8221;center&#8221; custom_padding=&#8221;||3px|||&#8221; global_colors_info=&#8221;{}&#8221; theme_builder_area=&#8221;post_content&#8221;][et_pb_column type=&#8221;4_4&#8243; _builder_version=&#8221;4.20.4&#8243; _module_preset=&#8221;default&#8221; global_colors_info=&#8221;{}&#8221; theme_builder_area=&#8221;post_content&#8221;][et_pb_text _builder_version=&#8221;4.27.0&#8243; _module_preset=&#8221;default&#8221; text_font_size=&#8221;32px&#8221; text_line_height=&#8221;1.6em&#8221; text_orientation=&#8221;center&#8221; hover_enabled=&#8221;0&#8243; text_font_size_tablet=&#8221;27px&#8221; text_font_size_phone=&#8221;22px&#8221; text_font_size_last_edited=&#8221;on|phone&#8221; global_colors_info=&#8221;{}&#8221; theme_builder_area=&#8221;post_content&#8221; sticky_enabled=&#8221;0&#8243;]Autorekry Employer image[\/et_pb_text][et_pb_divider color=&#8221;#377DFF&#8221; divider_weight=&#8221;3px&#8221; _builder_version=&#8221;4.20.4&#8243; _module_preset=&#8221;default&#8221; width=&#8221;100px&#8221; module_alignment=&#8221;center&#8221; global_colors_info=&#8221;{}&#8221; theme_builder_area=&#8221;post_content&#8221;][\/et_pb_divider][\/et_pb_column][\/et_pb_row][et_pb_row _builder_version=&#8221;4.20.4&#8243; _module_preset=&#8221;default&#8221; global_colors_info=&#8221;{}&#8221; theme_builder_area=&#8221;post_content&#8221;][et_pb_column type=&#8221;4_4&#8243; _builder_version=&#8221;4.20.4&#8243; _module_preset=&#8221;default&#8221; global_colors_info=&#8221;{}&#8221; theme_builder_area=&#8221;post_content&#8221;][et_pb_text _builder_version=&#8221;4.27.0&#8243; _module_preset=&#8221;default&#8221; text_font_size=&#8221;20px&#8221; text_line_height=&#8221;1.8em&#8221; text_orientation=&#8221;center&#8221; hover_enabled=&#8221;0&#8243; text_font_size_tablet=&#8221;20px&#8221; text_font_size_phone=&#8221;18px&#8221; text_font_size_last_edited=&#8221;on|phone&#8221; global_colors_info=&#8221;{}&#8221; theme_builder_area=&#8221;post_content&#8221; sticky_enabled=&#8221;0&#8243;]The competition for skilled workers in the automotive industry is intensifying. A strong employer brand has been proven to significantly improve both retention and attractiveness. [\/et_pb_text][\/et_pb_column][\/et_pb_row][et_pb_row column_structure=&#8221;3_5,2_5&#8243; _builder_version=&#8221;4.20.4&#8243; _module_preset=&#8221;default&#8221; custom_margin=&#8221;24px|auto||auto||&#8221; global_colors_info=&#8221;{}&#8221; theme_builder_area=&#8221;post_content&#8221; custom_padding=&#8221;||56px|||&#8221;][et_pb_column type=&#8221;3_5&#8243; _builder_version=&#8221;4.20.4&#8243; _module_preset=&#8221;default&#8221; global_colors_info=&#8221;{}&#8221; theme_builder_area=&#8221;post_content&#8221;][et_pb_text _builder_version=&#8221;4.20.4&#8243; _module_preset=&#8221;8f5ed50a-2cc8-4122-a8b6-bdc423dbf7f0&#8243; header_3_text_color=&#8221;#377DFF&#8221; custom_margin=&#8221;||10px||false|false&#8221; global_colors_info=&#8221;{}&#8221; theme_builder_area=&#8221;post_content&#8221;]<\/p>\n<h3>More information<\/h3>\n<p>[\/et_pb_text][et_pb_text _builder_version=&#8221;4.27.0&#8243; _module_preset=&#8221;default&#8221; hover_enabled=&#8221;0&#8243; global_colors_info=&#8221;{}&#8221; theme_builder_area=&#8221;post_content&#8221; sticky_enabled=&#8221;0&#8243;]<\/p>\n<p>The three most important aspects of building an employer image and recruitment marketing are planning, the ability to stand out, and the right metrics. Autorekry Employer Image helps employers identify the key areas for improvement and develop a long-term strategy to strengthen their employer image and enhance recruitment marketing. <\/p>\n<p>A strong employer brand has been shown to reduce turnover by up to 28% (retention) and lower recruitment costs by up to 50% (attractiveness). Not to mention the long-term prospects for a company that consistently attracts the best talent \u2013 or the lack thereof if it doesn\u2019t succeed.  <\/p>\n<p>Ask for more!<\/p>\n<p>[\/et_pb_text][\/et_pb_column][et_pb_column type=&#8221;2_5&#8243; _builder_version=&#8221;4.20.4&#8243; _module_preset=&#8221;default&#8221; background_color=&#8221;#ECF2FE&#8221; custom_padding=&#8221;30px|30px|30px|30px|true|true&#8221; border_radii=&#8221;on|30px|30px|30px|30px&#8221; global_colors_info=&#8221;{}&#8221; theme_builder_area=&#8221;post_content&#8221;][et_pb_text _builder_version=&#8221;4.27.0&#8243; _module_preset=&#8221;8f5ed50a-2cc8-4122-a8b6-bdc423dbf7f0&#8243; header_3_text_color=&#8221;#377DFF&#8221; custom_margin=&#8221;||10px||false|false&#8221; hover_enabled=&#8221;0&#8243; global_colors_info=&#8221;{}&#8221; theme_builder_area=&#8221;post_content&#8221; sticky_enabled=&#8221;0&#8243;]<\/p>\n<h3>Our tailored service packages include, among other things:<\/h3>\n<p>[\/et_pb_text][et_pb_text _builder_version=&#8221;4.27.0&#8243; _module_preset=&#8221;default&#8221; hover_enabled=&#8221;0&#8243; global_colors_info=&#8221;{}&#8221; theme_builder_area=&#8221;post_content&#8221; sticky_enabled=&#8221;0&#8243;]<\/p>\n<ul>\n<li>Employer image audit<\/li>\n<li>Recruitment marketing playbook<\/li>\n<li>Recruitment campaigns<\/li>\n<li>Branding campaigns<\/li>\n<li>Multichannel content production: text, video, audio<\/li>\n<li>Consulting and training<\/li>\n<li>Development of internal communications<\/li>\n<li>Metrics and analytics, recruitment bots<\/li>\n<\/ul>\n<p>[\/et_pb_text][\/et_pb_column][\/et_pb_row][\/et_pb_section]<\/p>\n","protected":false},"excerpt":{"rendered":"<p>Employer image in the automotive industryEmployer imageTo ensure the necessary expertise, employers must build their employer image in a planned, distinctive, and measurable way.Autorekry Employer imageThe competition for skilled workers in the automotive industry is intensifying. A strong employer brand has been proven to significantly improve both retention and attractiveness. More informationThe three most important [&hellip;]<\/p>\n","protected":false},"author":1,"featured_media":0,"parent":0,"menu_order":0,"comment_status":"closed","ping_status":"closed","template":"","meta":{"_acf_changed":false,"_et_pb_use_builder":"on","_et_pb_old_content":"","_et_gb_content_width":"","footnotes":""},"class_list":["post-2921","page","type-page","status-publish","hentry"],"acf":[],"yoast_head":"<!-- This site is optimized with the Yoast SEO plugin v27.5 - https:\/\/yoast.com\/product\/yoast-seo-wordpress\/ -->\n<title>Employer image - Autorekry<\/title>\n<meta name=\"robots\" content=\"index, follow, max-snippet:-1, max-image-preview:large, max-video-preview:-1\" \/>\n<link rel=\"canonical\" href=\"https:\/\/autorekry.fi\/en\/employer-image\/\" \/>\n<meta property=\"og:locale\" content=\"en_US\" \/>\n<meta property=\"og:type\" content=\"article\" \/>\n<meta property=\"og:title\" content=\"Employer image - Autorekry\" \/>\n<meta property=\"og:description\" content=\"Employer image in the automotive industryEmployer imageTo ensure the necessary expertise, employers must build their employer image in a planned, distinctive, and measurable way.Autorekry Employer imageThe competition for skilled workers in the automotive industry is intensifying. A strong employer brand has been proven to significantly improve both retention and attractiveness. More informationThe three most important [&hellip;]\" \/>\n<meta property=\"og:url\" content=\"https:\/\/autorekry.fi\/en\/employer-image\/\" \/>\n<meta property=\"og:site_name\" content=\"Autorekry\" \/>\n<meta property=\"article:modified_time\" content=\"2024-09-05T12:21:19+00:00\" \/>\n<meta name=\"twitter:card\" content=\"summary_large_image\" \/>\n<meta name=\"twitter:label1\" content=\"Est. reading time\" \/>\n\t<meta name=\"twitter:data1\" content=\"5 minutes\" \/>\n<script type=\"application\/ld+json\" class=\"yoast-schema-graph\">{\"@context\":\"https:\\\/\\\/schema.org\",\"@graph\":[{\"@type\":\"WebPage\",\"@id\":\"https:\\\/\\\/autorekry.fi\\\/en\\\/employer-image\\\/\",\"url\":\"https:\\\/\\\/autorekry.fi\\\/en\\\/employer-image\\\/\",\"name\":\"Employer image - Autorekry\",\"isPartOf\":{\"@id\":\"https:\\\/\\\/autorekry.fi\\\/#website\"},\"datePublished\":\"2024-09-05T11:37:33+00:00\",\"dateModified\":\"2024-09-05T12:21:19+00:00\",\"breadcrumb\":{\"@id\":\"https:\\\/\\\/autorekry.fi\\\/en\\\/employer-image\\\/#breadcrumb\"},\"inLanguage\":\"en-US\",\"potentialAction\":[{\"@type\":\"ReadAction\",\"target\":[\"https:\\\/\\\/autorekry.fi\\\/en\\\/employer-image\\\/\"]}]},{\"@type\":\"BreadcrumbList\",\"@id\":\"https:\\\/\\\/autorekry.fi\\\/en\\\/employer-image\\\/#breadcrumb\",\"itemListElement\":[{\"@type\":\"ListItem\",\"position\":1,\"name\":\"Etusivu\",\"item\":\"https:\\\/\\\/autorekry.fi\\\/\"},{\"@type\":\"ListItem\",\"position\":2,\"name\":\"Employer image\"}]},{\"@type\":\"WebSite\",\"@id\":\"https:\\\/\\\/autorekry.fi\\\/#website\",\"url\":\"https:\\\/\\\/autorekry.fi\\\/\",\"name\":\"Autorekry\",\"description\":\"Yhdist\u00e4\u00e4 ty\u00f6ntekij\u00e4t ja ty\u00f6nantajat\",\"potentialAction\":[{\"@type\":\"SearchAction\",\"target\":{\"@type\":\"EntryPoint\",\"urlTemplate\":\"https:\\\/\\\/autorekry.fi\\\/?s={search_term_string}\"},\"query-input\":{\"@type\":\"PropertyValueSpecification\",\"valueRequired\":true,\"valueName\":\"search_term_string\"}}],\"inLanguage\":\"en-US\"}]}<\/script>\n<!-- \/ Yoast SEO plugin. -->","yoast_head_json":{"title":"Employer image - Autorekry","robots":{"index":"index","follow":"follow","max-snippet":"max-snippet:-1","max-image-preview":"max-image-preview:large","max-video-preview":"max-video-preview:-1"},"canonical":"https:\/\/autorekry.fi\/en\/employer-image\/","og_locale":"en_US","og_type":"article","og_title":"Employer image - Autorekry","og_description":"Employer image in the automotive industryEmployer imageTo ensure the necessary expertise, employers must build their employer image in a planned, distinctive, and measurable way.Autorekry Employer imageThe competition for skilled workers in the automotive industry is intensifying. A strong employer brand has been proven to significantly improve both retention and attractiveness. More informationThe three most important [&hellip;]","og_url":"https:\/\/autorekry.fi\/en\/employer-image\/","og_site_name":"Autorekry","article_modified_time":"2024-09-05T12:21:19+00:00","twitter_card":"summary_large_image","twitter_misc":{"Est. reading time":"5 minutes"},"schema":{"@context":"https:\/\/schema.org","@graph":[{"@type":"WebPage","@id":"https:\/\/autorekry.fi\/en\/employer-image\/","url":"https:\/\/autorekry.fi\/en\/employer-image\/","name":"Employer image - Autorekry","isPartOf":{"@id":"https:\/\/autorekry.fi\/#website"},"datePublished":"2024-09-05T11:37:33+00:00","dateModified":"2024-09-05T12:21:19+00:00","breadcrumb":{"@id":"https:\/\/autorekry.fi\/en\/employer-image\/#breadcrumb"},"inLanguage":"en-US","potentialAction":[{"@type":"ReadAction","target":["https:\/\/autorekry.fi\/en\/employer-image\/"]}]},{"@type":"BreadcrumbList","@id":"https:\/\/autorekry.fi\/en\/employer-image\/#breadcrumb","itemListElement":[{"@type":"ListItem","position":1,"name":"Etusivu","item":"https:\/\/autorekry.fi\/"},{"@type":"ListItem","position":2,"name":"Employer image"}]},{"@type":"WebSite","@id":"https:\/\/autorekry.fi\/#website","url":"https:\/\/autorekry.fi\/","name":"Autorekry","description":"Yhdist\u00e4\u00e4 ty\u00f6ntekij\u00e4t ja ty\u00f6nantajat","potentialAction":[{"@type":"SearchAction","target":{"@type":"EntryPoint","urlTemplate":"https:\/\/autorekry.fi\/?s={search_term_string}"},"query-input":{"@type":"PropertyValueSpecification","valueRequired":true,"valueName":"search_term_string"}}],"inLanguage":"en-US"}]}},"_links":{"self":[{"href":"https:\/\/autorekry.fi\/en\/wp-json\/wp\/v2\/pages\/2921","targetHints":{"allow":["GET"]}}],"collection":[{"href":"https:\/\/autorekry.fi\/en\/wp-json\/wp\/v2\/pages"}],"about":[{"href":"https:\/\/autorekry.fi\/en\/wp-json\/wp\/v2\/types\/page"}],"author":[{"embeddable":true,"href":"https:\/\/autorekry.fi\/en\/wp-json\/wp\/v2\/users\/1"}],"replies":[{"embeddable":true,"href":"https:\/\/autorekry.fi\/en\/wp-json\/wp\/v2\/comments?post=2921"}],"version-history":[{"count":2,"href":"https:\/\/autorekry.fi\/en\/wp-json\/wp\/v2\/pages\/2921\/revisions"}],"predecessor-version":[{"id":2923,"href":"https:\/\/autorekry.fi\/en\/wp-json\/wp\/v2\/pages\/2921\/revisions\/2923"}],"wp:attachment":[{"href":"https:\/\/autorekry.fi\/en\/wp-json\/wp\/v2\/media?parent=2921"}],"curies":[{"name":"wp","href":"https:\/\/api.w.org\/{rel}","templated":true}]}}